{"id":1005,"date":"2021-06-23T11:18:11","date_gmt":"2021-06-23T09:18:11","guid":{"rendered":"https:\/\/www.amicicurepalliativemgm.it\/?page_id=1005"},"modified":"2021-06-23T11:46:24","modified_gmt":"2021-06-23T09:46:24","slug":"cattedra-cure-palliative","status":"publish","type":"page","link":"https:\/\/www.amicicurepalliativemgm.it\/index.php\/cattedra-cure-palliative\/","title":{"rendered":"Cattedra insegnamento cure palliative"},"content":{"rendered":"<section class=\"wpb-content-wrapper\"><p>[vc_row bg_type=&#8221;bg_color&#8221; bg_override=&#8221;ex-full&#8221; type=&#8221;vc_default&#8221; css=&#8221;.vc_custom_1493725940488{padding-bottom: 50px !important;}&#8221; bg_color_value=&#8221;#ffffff&#8221; el_id=&#8221;about&#8221;][vc_column offset=&#8221;vc_col-lg-offset-0 vc_col-lg-12 vc_col-md-offset-0 vc_col-md-12 vc_col-sm-offset-0&#8243;]<div id=\"ultimate-heading-65869dee2735029d\" class=\"uvc-heading ult-adjust-bottom-margin ultimate-heading-65869dee2735029d uvc-2515 \" data-hspacer=\"no_spacer\"  data-halign=\"left\" style=\"text-align:left\"><div class=\"uvc-heading-spacer no_spacer\" style=\"top\"><\/div><div class=\"uvc-main-heading ult-responsive\"  data-ultimate-target='.uvc-heading.ultimate-heading-65869dee2735029d h2'  data-responsive-json-new='{\"font-size\":\"desktop:28px;mobile_landscape:20px;\",\"line-height\":\"desktop:38px;mobile_landscape:30px;\"}' ><h2 style=\"font-weight:bold;margin-bottom:50px;\">UNA CATTEDRA PER L\u2019INSEGNAMENTO DELLE CURE PALLIATIVE ISTITUITA PER LA PRIMA VOLTA PRESSO LA UNIVERSITA\u2019 STATALE DI MILANO<\/h2><\/div><div class=\"uvc-sub-heading ult-responsive\"  data-ultimate-target='.uvc-heading.ultimate-heading-65869dee2735029d .uvc-sub-heading '  data-responsive-json-new='{\"font-size\":\"desktop:18px;\",\"line-height\":\"desktop:31px;\"}'  style=\"font-weight:normal;\"><strong>Un riconoscimento accademico ad una area di intervento sempre pi\u00f9 importante in Sanit\u00e0<\/strong><br \/>\n<em>Di Emilio Bombardieri<\/em><\/div><\/div><div id=\"ultimate-heading-400869dee273502fd\" class=\"uvc-heading ult-adjust-bottom-margin ultimate-heading-400869dee273502fd uvc-1285 \" data-hspacer=\"no_spacer\"  data-halign=\"left\" style=\"text-align:left\"><div class=\"uvc-heading-spacer no_spacer\" style=\"top\"><\/div><div class=\"uvc-sub-heading ult-responsive\"  data-ultimate-target='.uvc-heading.ultimate-heading-400869dee273502fd .uvc-sub-heading '  data-responsive-json-new='{\"font-size\":\"desktop:18px;\",\"line-height\":\"desktop:31px;\"}'  style=\"font-weight:normal;\"><\/p>\n<p style=\"text-align: justify;\">La notizia, di importanza \u201cstorica\u201d \u00e8 che la Universit\u00e0 degli Studi di Milano, diretta dal Magnifico Rettore Prof. Elio Franzini, ha istituito una Cattedra di Medicina Palliativa, primo ateneo italiano a riconoscere la dignit\u00e0 della formazione in Medicina Palliativa. La istituzione di una Cattedra Universitaria per la formazione alla assistenza e il trattamento di pazienti inguaribili, ma non per questo non curabili, contribuisce a colmare una carenza degli studi universitari. Per il mondo accademico, diventa ufficiale la istituzione di un Insegnamento per figure professionali dedicate a quei particolari malati affetti da patologie avanzate (oncologiche, cardiovascolari, pneumologiche, neurologiche, croniche degenerative, metaboliche) per i quali \u00e8 indispensabile ottimizzare la assistenza in ambienti sanitari adeguati, o anche a domicilio, con competenze specialistiche specifiche che includono quelle internistiche, psicologiche, fisioterapiche e di terapia del dolore.<br \/>\nE\u2019 noto che con l\u2019avanzare dell\u2019et\u00e0 della popolazione, e con il mutamento del tessuto sociale e della organizzazione delle famiglie, aumenta progressivamente il numero di malati fragili, e in particolare di quelli terminali, che si trovano in situazioni di non ritorno, spesso con livelli gravissimi di inabilit\u00e0 o con sindromi dolorose irreversibili. Questi pazienti hanno caratteristiche peculiari, hanno bisogno di assistenza continua e spesso di ospedalizzazione in strutture adeguate, dove possano trovare il conforto di un approccio multidisciplinare complesso. La gestione di questo tipo di malati \u00e8 assai articolata e prevede l\u2019intervento di diverse competenze, e soprattutto di figure professionali con appropriata formazione (medici, infermieri, assistenti sociali, psicologi, volontari), che possano assicurare loro una vita dignitosa, libera da sofferenza, e con pieno conforto affettivo. Ricordiamo che simili pazienti possono sopravvivere per anni, e dunque hanno diritto a una vita dignitosa, di relazioni e interessi, e vissuta pienamente al centro dei loro affetti. Simili cure ed attenzioni i vanno dedicate anche alle famiglie di questi soggetti, che vivendo accanto a persone sofferenti, devono essere sostenute e preparate nel loro ruolo di care givers.<br \/>\nIl titolare della nuova Cattedra, vincitore di Concorso, \u00e8 il Prof. Augusto Caraceni, Direttore della Unit\u00e0 Operativa delle Cure Palliative Terapia del Dolore e Riabilitazione dell\u2019istituto Nazionale per lo Studio e la Cura dei Tumori di Milano, che ha acquisito una vasta competenza e riconosciuta esperienza nel campo della oncologia e della terapia del dolore. Conosco personalmente il Collega ed \u00e8 persona di assoluto valore ed umanit\u00e0; a lui i miei personali auguri, con congratulazioni vivissime. Fino a questo momento la Medicina Palliativa era stata trattata agli Studenti di Medicina nell\u2019ambito dei Corsi Universitari e viene oggi proposta in alcuni Master specifici per varie figure professionali, ma queste lodevoli iniziative non sono strutturate. Ora la istituzione di una Cattedra garantir\u00e0 un Corso Specifico agli Studenti del quinto e del sesto anno, con collegamento alle diverse scuole di Specializzazione. Si auspica che nel prossimo futuro venga istituita anche una vera e propria Scuola di Specializzazione in Medicina Palliativa, che, interagendo sulla rete di Hospice e di reparti dedicati gi\u00e0 esistenti e operativi nei vari Ospedali, possa formare un numero grande di validi \u201cpalliativisti del futuro\u201d. In questa area operano con valore ed efficienza anche le Organizzazioni di volontariato, la VIDAS e diverse Associazioni benemerite no profit, che supportano pazienti e famiglie con assoluta efficienza.<br \/>\nQuesta recentissima notizia immagino sia stata raccolta con soddisfazione ed entusiasmo da tutti gli Operatori sanitari che svolgono la loro valorosa attivit\u00e0 nel settore, quali i Colleghi della Unit\u00e0 Operativa di Cure Palliative dell\u2019Ospedale di Mede, e da tutte le persone che affiancano con generosit\u00e0 le attivit\u00e0 che si svolgono nei Reparti, negli Hospice e a domicilio. La Associazione Amici delle Cure Palliative esprime ovviamente la a sua grande soddisfazione. Da quando Cicely Saunders negli anni 80 ha dato vita in Europa al Movimento Hospice al 1999, anno in cui le Cure Palliative sono state ufficialmente inserite nel nostro Servizio Sanitario Nazionale ad oggi, n\u00e9 \u00e8 passata di acqua sotto i ponti, e ne \u00e8 trascorso di tempo. Ho piacere di constatare che, pur con latenza, emerge sempre pi\u00f9 forte il concetto di \u201capproccio globale alla assistenza del malato\u201d, inteso come cura continuativa di irreversibili infermit\u00e0, includendo la sfera psicologica, affettiva, la famiglia e l\u2019ambiente sociale. Questo sempre pi\u00f9 convinto impegno di tutti verso le Cure Palliative si sta progressivamente rivelando una inderogabile risposta ad un bisogno, che mette al centro la dignit\u00e0 della persona.<\/p>\n<p><\/div><\/div>[\/vc_column][\/vc_row][vc_row][vc_column width=&#8221;1\/2&#8243;]<style type=\"text\/css\" data-type=\"the7_shortcodes-inline-css\">.shortcode-single-image-wrap.shortcode-single-image-54d2ad70f51cc328c818031c00ccd886.enable-bg-rollover .rollover i,\n.shortcode-single-image-wrap.shortcode-single-image-54d2ad70f51cc328c818031c00ccd886.enable-bg-rollover .rollover-video i {\n  background: -webkit-linear-gradient();\n  background: linear-gradient();\n}\n.shortcode-single-image-wrap.shortcode-single-image-54d2ad70f51cc328c818031c00ccd886 .rollover-icon {\n  font-size: 32px;\n  color: #ffffff;\n  min-width: 44px;\n  min-height: 44px;\n  line-height: 44px;\n  border-radius: 100px;\n  border-style: solid;\n  border-width: 0px;\n}\n.dt-icon-bg-on.shortcode-single-image-wrap.shortcode-single-image-54d2ad70f51cc328c818031c00ccd886 .rollover-icon {\n  background: rgba(255,255,255,0.3);\n  box-shadow: none;\n}\n<\/style><div class=\"shortcode-single-image-wrap shortcode-single-image-54d2ad70f51cc328c818031c00ccd886 alignnone  enable-bg-rollover dt-icon-bg-off\" style=\"margin-top:0px; margin-bottom:0px; margin-left:0px; margin-right:0px; width:500px;\"><div class=\"shortcode-single-image\"><div class=\"fancy-media-wrap\" style=\"\"><a class=\"layzr-bg rollover rollover-zoom dt-pswp-item pswp-image\" href=\"https:\/\/www.amicicurepalliativemgm.it\/wp-content\/uploads\/2021\/06\/Attenzione-cattedra-in-Cure-palliative-Istituita-la-prima-Cattedra-in-Italia-1.jpg\" title=\"Attenzione cattedra in Cure palliative &#8211; Istituita la prima Cattedra in Italia-1\" data-dt-img-description=\"\" data-large_image_width=\"2344\" data-large_image_height = \"3370\"  style=\"\"><img fetchpriority=\"high\" decoding=\"async\" class=\"preload-me lazy-load aspect\" src=\"data:image\/svg+xml,%3Csvg%20xmlns%3D&#39;http%3A%2F%2Fwww.w3.org%2F2000%2Fsvg&#39;%20viewBox%3D&#39;0%200%20500%20718&#39;%2F%3E\" data-src=\"https:\/\/www.amicicurepalliativemgm.it\/wp-content\/uploads\/2021\/06\/Attenzione-cattedra-in-Cure-palliative-Istituita-la-prima-Cattedra-in-Italia-1-500x718.jpg\" data-srcset=\"https:\/\/www.amicicurepalliativemgm.it\/wp-content\/uploads\/2021\/06\/Attenzione-cattedra-in-Cure-palliative-Istituita-la-prima-Cattedra-in-Italia-1-500x718.jpg 500w, https:\/\/www.amicicurepalliativemgm.it\/wp-content\/uploads\/2021\/06\/Attenzione-cattedra-in-Cure-palliative-Istituita-la-prima-Cattedra-in-Italia-1-1000x1436.jpg 1000w\" loading=\"eager\" style=\"--ratio: 500 \/ 718\" sizes=\"(max-width: 500px) 100vw, 500px\" width=\"500\" height=\"718\"  data-dt-location=\"https:\/\/www.amicicurepalliativemgm.it\/index.php\/homepage\/attenzione-cattedra-in-cure-palliative-istituita-la-prima-cattedra-in-italia-1\/\" alt=\"\" \/><\/a><\/div><\/div><\/div>[\/vc_column][vc_column width=&#8221;1\/2&#8243;]<div class=\" vc_custom_1624440466760 ubtn-ctn-center \"><a class=\"ubtn-link ult-adjust-bottom-margin ubtn-center ubtn-normal \" href=\"https:\/\/www.amicicurepalliativemgm.it\/wp-content\/uploads\/2021\/06\/Attenzione-cattedra-in-Cure-palliative-Istituita-la-prima-Cattedra-in-Italia.pdf\" target=\"_blank\" rel=\"noopener\" ><button type=\"button\" id=\"ubtn-9449\"  class=\"ubtn ult-adjust-bottom-margin ult-responsive ubtn-normal ubtn-fade-bg  none  ubtn-center   tooltip-69dee27350e0e\"  data-hover=\"#ffffff\" data-border-color=\"#1e73be\" data-bg=\"#ffffff\" data-hover-bg=\"#1e73be\" data-border-hover=\"#1e73be\" data-shadow-hover=\"\" data-shadow-click=\"none\" data-shadow=\"\" data-shd-shadow=\"\"  data-ultimate-target='#ubtn-9449'  data-responsive-json-new='{\"font-size\":\"desktop:14px;\",\"line-height\":\"\"}'  style=\"font-weight:bold;border-radius:0px;border-width:3px;border-color:#1e73be;border-style:solid;background: #ffffff;color: #1e73be;\"><span class=\"ubtn-hover\" style=\"background-color:#1e73be\"><\/span><span class=\"ubtn-data ubtn-text \" >Scarica l&#039;articolo in formato PDF<\/span><\/button><\/a><\/div><div class=\" vc_custom_1624440507552 ubtn-ctn-center \"><a class=\"ubtn-link ult-adjust-bottom-margin ubtn-center ubtn-normal \" href=\"https:\/\/www.amicicurepalliativemgm.it\/wp-content\/uploads\/2021\/06\/Attenzione-cattedra-in-Cure-palliative-Istituita-la-prima-Cattedra-in-Italia-1.jpg\" target=\"_blank\" rel=\"noopener\" ><button type=\"button\" id=\"ubtn-3655\"  class=\"ubtn ult-adjust-bottom-margin ult-responsive ubtn-normal ubtn-fade-bg  none  ubtn-center   tooltip-69dee27350e87\"  data-hover=\"#ffffff\" data-border-color=\"#1e73be\" data-bg=\"#ffffff\" data-hover-bg=\"#1e73be\" data-border-hover=\"#1e73be\" data-shadow-hover=\"\" data-shadow-click=\"none\" data-shadow=\"\" data-shd-shadow=\"\"  data-ultimate-target='#ubtn-3655'  data-responsive-json-new='{\"font-size\":\"desktop:14px;\",\"line-height\":\"\"}'  style=\"font-weight:bold;border-radius:0px;border-width:3px;border-color:#1e73be;border-style:solid;background: #ffffff;color: #1e73be;\"><span class=\"ubtn-hover\" style=\"background-color:#1e73be\"><\/span><span class=\"ubtn-data ubtn-text \" >Scarica l&#039;articolo in formato immagine<\/span><\/button><\/a><\/div>[\/vc_column][\/vc_row]<\/p>\n<\/section>","protected":false},"excerpt":{"rendered":"<p>[vc_row bg_type=&#8221;bg_color&#8221; bg_override=&#8221;ex-full&#8221; type=&#8221;vc_default&#8221; css=&#8221;.vc_custom_1493725940488{padding-bottom: 50px !important;}&#8221; bg_color_value=&#8221;#ffffff&#8221; el_id=&#8221;about&#8221;][vc_column offset=&#8221;vc_col-lg-offset-0 vc_col-lg-12 vc_col-md-offset-0 vc_col-md-12 vc_col-sm-offset-0&#8243;][\/vc_column][\/vc_row][vc_row][vc_column width=&#8221;1\/2&#8243;][\/vc_column][vc_column width=&#8221;1\/2&#8243;][\/vc_column][\/vc_row]<\/p>\n","protected":false},"author":1,"featured_media":0,"parent":0,"menu_order":0,"comment_status":"closed","ping_status":"closed","template":"","meta":{"om_disable_all_campaigns":false,"_monsterinsights_skip_tracking":false,"_monsterinsights_sitenote_active":false,"_monsterinsights_sitenote_note":"","_monsterinsights_sitenote_category":0,"_uf_show_specific_survey":0,"_uf_disable_surveys":false,"footnotes":""},"class_list":["post-1005","page","type-page","status-publish","hentry","description-off"],"yoast_head":"<!-- This site is optimized with the Yoast SEO plugin v25.6 - https:\/\/yoast.com\/wordpress\/plugins\/seo\/ -->\n<title>Cattedra insegnamento cure palliative - amicicurepalliativemgm.it<\/title>\n<meta name=\"description\" content=\"Istituzione di una Cattedra Universitaria per la formazione all&#039;assistenza e al trattamento di pazienti inguaribili ma non per questo non curabili, contribuisce a colmare una carenza degli studi universitari.\" \/>\n<meta name=\"robots\" content=\"index, follow, max-snippet:-1, max-image-preview:large, max-video-preview:-1\" \/>\n<link rel=\"canonical\" href=\"https:\/\/www.amicicurepalliativemgm.it\/index.php\/cattedra-cure-palliative\/\" \/>\n<meta property=\"og:locale\" content=\"it_IT\" \/>\n<meta property=\"og:type\" content=\"article\" \/>\n<meta property=\"og:title\" content=\"Cattedra insegnamento cure palliative - amicicurepalliativemgm.it\" \/>\n<meta property=\"og:description\" content=\"Istituzione di una Cattedra Universitaria per la formazione all&#039;assistenza e al trattamento di pazienti inguaribili ma non per questo non curabili, contribuisce a colmare una carenza degli studi universitari.\" \/>\n<meta property=\"og:url\" content=\"https:\/\/www.amicicurepalliativemgm.it\/index.php\/cattedra-cure-palliative\/\" \/>\n<meta property=\"og:site_name\" content=\"amicicurepalliativemgm.it\" \/>\n<meta property=\"article:modified_time\" content=\"2021-06-23T09:46:24+00:00\" \/>\n<meta name=\"twitter:card\" content=\"summary_large_image\" \/>\n<meta name=\"twitter:label1\" content=\"Tempo di lettura stimato\" \/>\n\t<meta name=\"twitter:data1\" content=\"4 minuti\" \/>\n<script type=\"application\/ld+json\" class=\"yoast-schema-graph\">{\"@context\":\"https:\/\/schema.org\",\"@graph\":[{\"@type\":\"WebPage\",\"@id\":\"https:\/\/www.amicicurepalliativemgm.it\/index.php\/cattedra-cure-palliative\/\",\"url\":\"https:\/\/www.amicicurepalliativemgm.it\/index.php\/cattedra-cure-palliative\/\",\"name\":\"Cattedra insegnamento cure palliative - amicicurepalliativemgm.it\",\"isPartOf\":{\"@id\":\"https:\/\/www.amicicurepalliativemgm.it\/#website\"},\"datePublished\":\"2021-06-23T09:18:11+00:00\",\"dateModified\":\"2021-06-23T09:46:24+00:00\",\"description\":\"Istituzione di una Cattedra Universitaria per la formazione all'assistenza e al trattamento di pazienti inguaribili ma non per questo non curabili, contribuisce a colmare una carenza degli studi universitari.\",\"breadcrumb\":{\"@id\":\"https:\/\/www.amicicurepalliativemgm.it\/index.php\/cattedra-cure-palliative\/#breadcrumb\"},\"inLanguage\":\"it-IT\",\"potentialAction\":[{\"@type\":\"ReadAction\",\"target\":[\"https:\/\/www.amicicurepalliativemgm.it\/index.php\/cattedra-cure-palliative\/\"]}]},{\"@type\":\"BreadcrumbList\",\"@id\":\"https:\/\/www.amicicurepalliativemgm.it\/index.php\/cattedra-cure-palliative\/#breadcrumb\",\"itemListElement\":[{\"@type\":\"ListItem\",\"position\":1,\"name\":\"Home\",\"item\":\"https:\/\/www.amicicurepalliativemgm.it\/\"},{\"@type\":\"ListItem\",\"position\":2,\"name\":\"Cattedra insegnamento cure palliative\"}]},{\"@type\":\"WebSite\",\"@id\":\"https:\/\/www.amicicurepalliativemgm.it\/#website\",\"url\":\"https:\/\/www.amicicurepalliativemgm.it\/\",\"name\":\"amicicurepalliativemgm.it\",\"description\":\"Amici delle cure palliative\",\"potentialAction\":[{\"@type\":\"SearchAction\",\"target\":{\"@type\":\"EntryPoint\",\"urlTemplate\":\"https:\/\/www.amicicurepalliativemgm.it\/?s={search_term_string}\"},\"query-input\":{\"@type\":\"PropertyValueSpecification\",\"valueRequired\":true,\"valueName\":\"search_term_string\"}}],\"inLanguage\":\"it-IT\"}]}<\/script>\n<!-- \/ Yoast SEO plugin. -->","yoast_head_json":{"title":"Cattedra insegnamento cure palliative - amicicurepalliativemgm.it","description":"Istituzione di una Cattedra Universitaria per la formazione all'assistenza e al trattamento di pazienti inguaribili ma non per questo non curabili, contribuisce a colmare una carenza degli studi universitari.","robots":{"index":"index","follow":"follow","max-snippet":"max-snippet:-1","max-image-preview":"max-image-preview:large","max-video-preview":"max-video-preview:-1"},"canonical":"https:\/\/www.amicicurepalliativemgm.it\/index.php\/cattedra-cure-palliative\/","og_locale":"it_IT","og_type":"article","og_title":"Cattedra insegnamento cure palliative - amicicurepalliativemgm.it","og_description":"Istituzione di una Cattedra Universitaria per la formazione all'assistenza e al trattamento di pazienti inguaribili ma non per questo non curabili, contribuisce a colmare una carenza degli studi universitari.","og_url":"https:\/\/www.amicicurepalliativemgm.it\/index.php\/cattedra-cure-palliative\/","og_site_name":"amicicurepalliativemgm.it","article_modified_time":"2021-06-23T09:46:24+00:00","twitter_card":"summary_large_image","twitter_misc":{"Tempo di lettura stimato":"4 minuti"},"schema":{"@context":"https:\/\/schema.org","@graph":[{"@type":"WebPage","@id":"https:\/\/www.amicicurepalliativemgm.it\/index.php\/cattedra-cure-palliative\/","url":"https:\/\/www.amicicurepalliativemgm.it\/index.php\/cattedra-cure-palliative\/","name":"Cattedra insegnamento cure palliative - amicicurepalliativemgm.it","isPartOf":{"@id":"https:\/\/www.amicicurepalliativemgm.it\/#website"},"datePublished":"2021-06-23T09:18:11+00:00","dateModified":"2021-06-23T09:46:24+00:00","description":"Istituzione di una Cattedra Universitaria per la formazione all'assistenza e al trattamento di pazienti inguaribili ma non per questo non curabili, contribuisce a colmare una carenza degli studi universitari.","breadcrumb":{"@id":"https:\/\/www.amicicurepalliativemgm.it\/index.php\/cattedra-cure-palliative\/#breadcrumb"},"inLanguage":"it-IT","potentialAction":[{"@type":"ReadAction","target":["https:\/\/www.amicicurepalliativemgm.it\/index.php\/cattedra-cure-palliative\/"]}]},{"@type":"BreadcrumbList","@id":"https:\/\/www.amicicurepalliativemgm.it\/index.php\/cattedra-cure-palliative\/#breadcrumb","itemListElement":[{"@type":"ListItem","position":1,"name":"Home","item":"https:\/\/www.amicicurepalliativemgm.it\/"},{"@type":"ListItem","position":2,"name":"Cattedra insegnamento cure palliative"}]},{"@type":"WebSite","@id":"https:\/\/www.amicicurepalliativemgm.it\/#website","url":"https:\/\/www.amicicurepalliativemgm.it\/","name":"amicicurepalliativemgm.it","description":"Amici delle cure palliative","potentialAction":[{"@type":"SearchAction","target":{"@type":"EntryPoint","urlTemplate":"https:\/\/www.amicicurepalliativemgm.it\/?s={search_term_string}"},"query-input":{"@type":"PropertyValueSpecification","valueRequired":true,"valueName":"search_term_string"}}],"inLanguage":"it-IT"}]}},"_links":{"self":[{"href":"https:\/\/www.amicicurepalliativemgm.it\/index.php\/wp-json\/wp\/v2\/pages\/1005","targetHints":{"allow":["GET"]}}],"collection":[{"href":"https:\/\/www.amicicurepalliativemgm.it\/index.php\/wp-json\/wp\/v2\/pages"}],"about":[{"href":"https:\/\/www.amicicurepalliativemgm.it\/index.php\/wp-json\/wp\/v2\/types\/page"}],"author":[{"embeddable":true,"href":"https:\/\/www.amicicurepalliativemgm.it\/index.php\/wp-json\/wp\/v2\/users\/1"}],"replies":[{"embeddable":true,"href":"https:\/\/www.amicicurepalliativemgm.it\/index.php\/wp-json\/wp\/v2\/comments?post=1005"}],"version-history":[{"count":4,"href":"https:\/\/www.amicicurepalliativemgm.it\/index.php\/wp-json\/wp\/v2\/pages\/1005\/revisions"}],"predecessor-version":[{"id":1012,"href":"https:\/\/www.amicicurepalliativemgm.it\/index.php\/wp-json\/wp\/v2\/pages\/1005\/revisions\/1012"}],"wp:attachment":[{"href":"https:\/\/www.amicicurepalliativemgm.it\/index.php\/wp-json\/wp\/v2\/media?parent=1005"}],"curies":[{"name":"wp","href":"https:\/\/api.w.org\/{rel}","templated":true}]}}