{"id":682,"date":"2020-12-21T14:45:54","date_gmt":"2020-12-21T13:45:54","guid":{"rendered":"https:\/\/www.amicicurepalliativemgm.it\/?page_id=682"},"modified":"2021-03-04T14:39:32","modified_gmt":"2021-03-04T13:39:32","slug":"chi-siamo","status":"publish","type":"page","link":"https:\/\/www.amicicurepalliativemgm.it\/index.php\/chi-siamo\/","title":{"rendered":"Associazione"},"content":{"rendered":"<section class=\"wpb-content-wrapper\"><p>[vc_row bg_type=&#8221;bg_color&#8221; bg_override=&#8221;ex-full&#8221; type=&#8221;vc_default&#8221; css=&#8221;.vc_custom_1493725940488{padding-bottom: 50px !important;}&#8221; bg_color_value=&#8221;#ffffff&#8221; el_id=&#8221;about&#8221;][vc_column offset=&#8221;vc_col-lg-offset-0 vc_col-lg-12 vc_col-md-offset-0 vc_col-md-12 vc_col-sm-offset-0&#8243;][vc_row_inner equal_height=&#8221;yes&#8221; content_placement=&#8221;middle&#8221;][vc_column_inner width=&#8221;7\/12&#8243; offset=&#8221;vc_col-lg-7 vc_col-md-7&#8243; css=&#8221;.vc_custom_1493714771624{padding-bottom: 50px !important;}&#8221;]<div id=\"ultimate-heading-413969fea7018db3c\" class=\"uvc-heading ult-adjust-bottom-margin ultimate-heading-413969fea7018db3c uvc-9042 \" data-hspacer=\"no_spacer\"  data-halign=\"left\" style=\"text-align:left\"><div class=\"uvc-heading-spacer no_spacer\" style=\"top\"><\/div><div class=\"uvc-main-heading ult-responsive\"  data-ultimate-target='.uvc-heading.ultimate-heading-413969fea7018db3c h2'  data-responsive-json-new='{\"font-size\":\"desktop:90px;mobile_landscape:60px;\",\"line-height\":\"desktop:100px;mobile_landscape:70px;\"}' ><h2 style=\"font-weight:bold;color:rgba(59,63,74,0.12);margin-bottom:-45px;\">*CHI SIAMO<\/h2><\/div><\/div><div id=\"ultimate-heading-305169fea7018db8f\" class=\"uvc-heading ult-adjust-bottom-margin ultimate-heading-305169fea7018db8f uvc-6277 \" data-hspacer=\"no_spacer\"  data-halign=\"left\" style=\"text-align:left\"><div class=\"uvc-heading-spacer no_spacer\" style=\"top\"><\/div><div class=\"uvc-main-heading ult-responsive\"  data-ultimate-target='.uvc-heading.ultimate-heading-305169fea7018db8f h2'  data-responsive-json-new='{\"font-size\":\"desktop:38px;mobile_landscape:30px;\",\"line-height\":\"desktop:48px;mobile_landscape:40px;\"}' ><h2 style=\"font-weight:bold;margin-bottom:50px;\">L'Associazione<\/h2><\/div><\/div><div id=\"ultimate-heading-951169fea7018dbbf\" class=\"uvc-heading ult-adjust-bottom-margin ultimate-heading-951169fea7018dbbf uvc-4064  uvc-heading-default-font-sizes\" data-hspacer=\"no_spacer\"  data-halign=\"left\" style=\"text-align:left\"><div class=\"uvc-heading-spacer no_spacer\" style=\"top\"><\/div><div class=\"uvc-sub-heading ult-responsive\"  data-ultimate-target='.uvc-heading.ultimate-heading-951169fea7018dbbf .uvc-sub-heading '  data-responsive-json-new='{\"font-size\":\"desktop:18px;\",\"line-height\":\"desktop:31px;\"}'  style=\"font-weight:normal;margin-bottom:30px;\">L&#8217;Associazione \u201cAmici delle Cure Palliative Mariuccia e Giovanni Manera\u201d odv, senza scopo di lucro, nasce nel dicembre 2019 con la finalit\u00e0 di supportare l\u2019Unit\u00e0 Operativa di Cure Palliative della ASST di Pavia, collocata presso l&#8217;Ospedale San Martino di Mede.<br \/>\nIscritta all\u2019Albo generale Regionale, opera per il miglioramento e l\u2019incremento dei servizi offerti dal reparto.<br \/>\nGli obiettivi sono: promuovere la conoscenza delle Cure Palliative, sensibilizzare le persone, recuperare risorse economiche, attraverso le adesioni alla Associazione, i contributi volontari e\/o altre modalit\u00e0 da utilizzare per implementare l\u2019assistenza ai pazienti, alle loro famiglie, agli operatori sanitari ed ai volontari.<br \/>\nAllo scopo mette a disposizione nuove attrezzature, rinnova e completa gli spazi, sostiene corsi di formazione per operatori e volontari ed intende supportare la organizzazione di convegni, riunioni, giornate di studio, eventi, progetti culturali, pubblicazioni e comunque ogni altra iniziativa ritenuta utile.<br \/>\nL\u2019Associazione desidera offrire sostegno e indicazioni a coloro che hanno necessit\u00e0 di essere aiutati nella gestione e nella assistenza di un familiare in difficolt\u00e0, veicolando le informazioni pi\u00f9 utili e rilevanti nel campo delle Cure Palliative.<\/div><\/div>[\/vc_column_inner][vc_column_inner width=&#8221;5\/12&#8243; css=&#8221;.vc_custom_1493714765213{padding-bottom: 50px !important;}&#8221; offset=&#8221;vc_col-lg-offset-0 vc_col-lg-5 vc_col-md-offset-0 vc_col-md-5 vc_col-sm-offset-0 vc_col-xs-offset-2 vc_col-xs-8&#8243;]<style type=\"text\/css\" data-type=\"the7_shortcodes-inline-css\">.shortcode-single-image-wrap.shortcode-single-image-85739332eec0a43ca904fae8c0437ee4.enable-bg-rollover .rollover i,\n.shortcode-single-image-wrap.shortcode-single-image-85739332eec0a43ca904fae8c0437ee4.enable-bg-rollover .rollover-video i {\n  background: -webkit-linear-gradient();\n  background: linear-gradient();\n}\n.shortcode-single-image-wrap.shortcode-single-image-85739332eec0a43ca904fae8c0437ee4 .rollover-icon {\n  font-size: 32px;\n  color: #ffffff;\n  min-width: 44px;\n  min-height: 44px;\n  line-height: 44px;\n  border-radius: 100px;\n  border-style: solid;\n  border-width: 0px;\n}\n.dt-icon-bg-on.shortcode-single-image-wrap.shortcode-single-image-85739332eec0a43ca904fae8c0437ee4 .rollover-icon {\n  background: rgba(255,255,255,0.3);\n  box-shadow: none;\n}\n<\/style><div class=\"shortcode-single-image-wrap shortcode-single-image-85739332eec0a43ca904fae8c0437ee4 alignnone  enable-bg-rollover dt-icon-bg-off\" style=\"margin-top:0px; margin-bottom:0px; margin-left:0px; margin-right:0px; width:800px;\"><div class=\"shortcode-single-image\"><div class=\"fancy-media-wrap  layzr-bg\" style=\"border-radius:800px;\"><img fetchpriority=\"high\" decoding=\"async\" class=\"preload-me lazy-load aspect\" src=\"data:image\/svg+xml,%3Csvg%20xmlns%3D&#39;http%3A%2F%2Fwww.w3.org%2F2000%2Fsvg&#39;%20viewBox%3D&#39;0%200%20376%20376&#39;%2F%3E\" data-src=\"https:\/\/www.amicicurepalliativemgm.it\/wp-content\/uploads\/2021\/02\/quadro-1-376x376.jpg\" data-srcset=\"https:\/\/www.amicicurepalliativemgm.it\/wp-content\/uploads\/2021\/02\/quadro-1-376x376.jpg 376w\" loading=\"eager\" sizes=\"(max-width: 376px) 100vw, 376px\" width=\"376\" height=\"376\"  data-dt-location=\"https:\/\/www.amicicurepalliativemgm.it\/index.php\/chi-siamo\/quadro-1\/\" style=\"--ratio: 376 \/ 376;border-radius:800px;\" alt=\"\" \/><\/div><\/div><\/div>[\/vc_column_inner][\/vc_row_inner][\/vc_column][\/vc_row]<\/p>\n<\/section>","protected":false},"excerpt":{"rendered":"<p>[vc_row bg_type=&#8221;bg_color&#8221; bg_override=&#8221;ex-full&#8221; type=&#8221;vc_default&#8221; css=&#8221;.vc_custom_1493725940488{padding-bottom: 50px !important;}&#8221; bg_color_value=&#8221;#ffffff&#8221; el_id=&#8221;about&#8221;][vc_column offset=&#8221;vc_col-lg-offset-0 vc_col-lg-12 vc_col-md-offset-0 vc_col-md-12 vc_col-sm-offset-0&#8243;][vc_row_inner equal_height=&#8221;yes&#8221; content_placement=&#8221;middle&#8221;][vc_column_inner width=&#8221;7\/12&#8243; offset=&#8221;vc_col-lg-7 vc_col-md-7&#8243; css=&#8221;.vc_custom_1493714771624{padding-bottom: 50px !important;}&#8221;][\/vc_column_inner][vc_column_inner width=&#8221;5\/12&#8243; css=&#8221;.vc_custom_1493714765213{padding-bottom: 50px !important;}&#8221; offset=&#8221;vc_col-lg-offset-0 vc_col-lg-5 vc_col-md-offset-0 vc_col-md-5 vc_col-sm-offset-0 vc_col-xs-offset-2 vc_col-xs-8&#8243;][\/vc_column_inner][\/vc_row_inner][\/vc_column][\/vc_row]<\/p>\n","protected":false},"author":1,"featured_media":0,"parent":0,"menu_order":0,"comment_status":"closed","ping_status":"closed","template":"","meta":{"om_disable_all_campaigns":false,"_monsterinsights_skip_tracking":false,"_monsterinsights_sitenote_active":false,"_monsterinsights_sitenote_note":"","_monsterinsights_sitenote_category":0,"_uf_show_specific_survey":0,"_uf_disable_surveys":false,"footnotes":""},"class_list":["post-682","page","type-page","status-publish","hentry","description-off"],"yoast_head":"<!-- This site is optimized with the Yoast SEO plugin v25.6 - https:\/\/yoast.com\/wordpress\/plugins\/seo\/ -->\n<title>Associazione - amicicurepalliativemgm.it<\/title>\n<meta name=\"description\" content=\"L&#039;Associazione nasce nel dicembre 2019 con la finalit\u00e0 di supportare l\u2019Unit\u00e0 Operativa di Cure Palliative della ASST di Pavia, collocata presso l\u2019Ospedale San Martino di Mede.\" \/>\n<meta name=\"robots\" content=\"index, follow, max-snippet:-1, max-image-preview:large, max-video-preview:-1\" \/>\n<link rel=\"canonical\" href=\"https:\/\/www.amicicurepalliativemgm.it\/index.php\/chi-siamo\/\" \/>\n<meta property=\"og:locale\" content=\"it_IT\" \/>\n<meta property=\"og:type\" content=\"article\" \/>\n<meta property=\"og:title\" content=\"Associazione - amicicurepalliativemgm.it\" \/>\n<meta property=\"og:description\" content=\"L&#039;Associazione nasce nel dicembre 2019 con la finalit\u00e0 di supportare l\u2019Unit\u00e0 Operativa di Cure Palliative della ASST di Pavia, collocata presso l\u2019Ospedale San Martino di Mede.\" \/>\n<meta property=\"og:url\" content=\"https:\/\/www.amicicurepalliativemgm.it\/index.php\/chi-siamo\/\" \/>\n<meta property=\"og:site_name\" content=\"amicicurepalliativemgm.it\" \/>\n<meta property=\"article:modified_time\" content=\"2021-03-04T13:39:32+00:00\" \/>\n<meta name=\"twitter:card\" content=\"summary_large_image\" \/>\n<meta name=\"twitter:label1\" content=\"Tempo di lettura stimato\" \/>\n\t<meta name=\"twitter:data1\" content=\"2 minuti\" \/>\n<script type=\"application\/ld+json\" class=\"yoast-schema-graph\">{\"@context\":\"https:\/\/schema.org\",\"@graph\":[{\"@type\":\"WebPage\",\"@id\":\"https:\/\/www.amicicurepalliativemgm.it\/index.php\/chi-siamo\/\",\"url\":\"https:\/\/www.amicicurepalliativemgm.it\/index.php\/chi-siamo\/\",\"name\":\"Associazione - amicicurepalliativemgm.it\",\"isPartOf\":{\"@id\":\"https:\/\/www.amicicurepalliativemgm.it\/#website\"},\"datePublished\":\"2020-12-21T13:45:54+00:00\",\"dateModified\":\"2021-03-04T13:39:32+00:00\",\"description\":\"L'Associazione nasce nel dicembre 2019 con la finalit\u00e0 di supportare l\u2019Unit\u00e0 Operativa di Cure Palliative della ASST di Pavia, collocata presso l\u2019Ospedale San Martino di Mede.\",\"breadcrumb\":{\"@id\":\"https:\/\/www.amicicurepalliativemgm.it\/index.php\/chi-siamo\/#breadcrumb\"},\"inLanguage\":\"it-IT\",\"potentialAction\":[{\"@type\":\"ReadAction\",\"target\":[\"https:\/\/www.amicicurepalliativemgm.it\/index.php\/chi-siamo\/\"]}]},{\"@type\":\"BreadcrumbList\",\"@id\":\"https:\/\/www.amicicurepalliativemgm.it\/index.php\/chi-siamo\/#breadcrumb\",\"itemListElement\":[{\"@type\":\"ListItem\",\"position\":1,\"name\":\"Home\",\"item\":\"https:\/\/www.amicicurepalliativemgm.it\/\"},{\"@type\":\"ListItem\",\"position\":2,\"name\":\"Associazione\"}]},{\"@type\":\"WebSite\",\"@id\":\"https:\/\/www.amicicurepalliativemgm.it\/#website\",\"url\":\"https:\/\/www.amicicurepalliativemgm.it\/\",\"name\":\"amicicurepalliativemgm.it\",\"description\":\"Amici delle cure palliative\",\"potentialAction\":[{\"@type\":\"SearchAction\",\"target\":{\"@type\":\"EntryPoint\",\"urlTemplate\":\"https:\/\/www.amicicurepalliativemgm.it\/?s={search_term_string}\"},\"query-input\":{\"@type\":\"PropertyValueSpecification\",\"valueRequired\":true,\"valueName\":\"search_term_string\"}}],\"inLanguage\":\"it-IT\"}]}<\/script>\n<!-- \/ Yoast SEO plugin. -->","yoast_head_json":{"title":"Associazione - amicicurepalliativemgm.it","description":"L'Associazione nasce nel dicembre 2019 con la finalit\u00e0 di supportare l\u2019Unit\u00e0 Operativa di Cure Palliative della ASST di Pavia, collocata presso l\u2019Ospedale San Martino di Mede.","robots":{"index":"index","follow":"follow","max-snippet":"max-snippet:-1","max-image-preview":"max-image-preview:large","max-video-preview":"max-video-preview:-1"},"canonical":"https:\/\/www.amicicurepalliativemgm.it\/index.php\/chi-siamo\/","og_locale":"it_IT","og_type":"article","og_title":"Associazione - amicicurepalliativemgm.it","og_description":"L'Associazione nasce nel dicembre 2019 con la finalit\u00e0 di supportare l\u2019Unit\u00e0 Operativa di Cure Palliative della ASST di Pavia, collocata presso l\u2019Ospedale San Martino di Mede.","og_url":"https:\/\/www.amicicurepalliativemgm.it\/index.php\/chi-siamo\/","og_site_name":"amicicurepalliativemgm.it","article_modified_time":"2021-03-04T13:39:32+00:00","twitter_card":"summary_large_image","twitter_misc":{"Tempo di lettura stimato":"2 minuti"},"schema":{"@context":"https:\/\/schema.org","@graph":[{"@type":"WebPage","@id":"https:\/\/www.amicicurepalliativemgm.it\/index.php\/chi-siamo\/","url":"https:\/\/www.amicicurepalliativemgm.it\/index.php\/chi-siamo\/","name":"Associazione - amicicurepalliativemgm.it","isPartOf":{"@id":"https:\/\/www.amicicurepalliativemgm.it\/#website"},"datePublished":"2020-12-21T13:45:54+00:00","dateModified":"2021-03-04T13:39:32+00:00","description":"L'Associazione nasce nel dicembre 2019 con la finalit\u00e0 di supportare l\u2019Unit\u00e0 Operativa di Cure Palliative della ASST di Pavia, collocata presso l\u2019Ospedale San Martino di Mede.","breadcrumb":{"@id":"https:\/\/www.amicicurepalliativemgm.it\/index.php\/chi-siamo\/#breadcrumb"},"inLanguage":"it-IT","potentialAction":[{"@type":"ReadAction","target":["https:\/\/www.amicicurepalliativemgm.it\/index.php\/chi-siamo\/"]}]},{"@type":"BreadcrumbList","@id":"https:\/\/www.amicicurepalliativemgm.it\/index.php\/chi-siamo\/#breadcrumb","itemListElement":[{"@type":"ListItem","position":1,"name":"Home","item":"https:\/\/www.amicicurepalliativemgm.it\/"},{"@type":"ListItem","position":2,"name":"Associazione"}]},{"@type":"WebSite","@id":"https:\/\/www.amicicurepalliativemgm.it\/#website","url":"https:\/\/www.amicicurepalliativemgm.it\/","name":"amicicurepalliativemgm.it","description":"Amici delle cure palliative","potentialAction":[{"@type":"SearchAction","target":{"@type":"EntryPoint","urlTemplate":"https:\/\/www.amicicurepalliativemgm.it\/?s={search_term_string}"},"query-input":{"@type":"PropertyValueSpecification","valueRequired":true,"valueName":"search_term_string"}}],"inLanguage":"it-IT"}]}},"_links":{"self":[{"href":"https:\/\/www.amicicurepalliativemgm.it\/index.php\/wp-json\/wp\/v2\/pages\/682","targetHints":{"allow":["GET"]}}],"collection":[{"href":"https:\/\/www.amicicurepalliativemgm.it\/index.php\/wp-json\/wp\/v2\/pages"}],"about":[{"href":"https:\/\/www.amicicurepalliativemgm.it\/index.php\/wp-json\/wp\/v2\/types\/page"}],"author":[{"embeddable":true,"href":"https:\/\/www.amicicurepalliativemgm.it\/index.php\/wp-json\/wp\/v2\/users\/1"}],"replies":[{"embeddable":true,"href":"https:\/\/www.amicicurepalliativemgm.it\/index.php\/wp-json\/wp\/v2\/comments?post=682"}],"version-history":[{"count":5,"href":"https:\/\/www.amicicurepalliativemgm.it\/index.php\/wp-json\/wp\/v2\/pages\/682\/revisions"}],"predecessor-version":[{"id":698,"href":"https:\/\/www.amicicurepalliativemgm.it\/index.php\/wp-json\/wp\/v2\/pages\/682\/revisions\/698"}],"wp:attachment":[{"href":"https:\/\/www.amicicurepalliativemgm.it\/index.php\/wp-json\/wp\/v2\/media?parent=682"}],"curies":[{"name":"wp","href":"https:\/\/api.w.org\/{rel}","templated":true}]}}