{"id":781,"date":"2021-01-25T10:37:10","date_gmt":"2021-01-25T09:37:10","guid":{"rendered":"https:\/\/www.amicicurepalliativemgm.it\/?page_id=781"},"modified":"2021-03-04T14:41:51","modified_gmt":"2021-03-04T13:41:51","slug":"cosa-facciamo","status":"publish","type":"page","link":"https:\/\/www.amicicurepalliativemgm.it\/index.php\/cosa-facciamo\/","title":{"rendered":"Attivit\u00e0"},"content":{"rendered":"<section class=\"wpb-content-wrapper\"><p>[vc_row bg_type=&#8221;bg_color&#8221; bg_override=&#8221;ex-full&#8221; type=&#8221;vc_default&#8221; css=&#8221;.vc_custom_1611567525821{padding-bottom: 50px !important;}&#8221; bg_color_value=&#8221;#ffffff&#8221;][vc_column offset=&#8221;vc_col-lg-offset-0 vc_col-lg-12 vc_col-md-offset-0 vc_col-md-12 vc_col-sm-offset-0&#8243;]<div id=\"ultimate-heading-667269fb472b861a8\" class=\"uvc-heading ult-adjust-bottom-margin ultimate-heading-667269fb472b861a8 uvc-6530 \" data-hspacer=\"no_spacer\"  data-halign=\"left\" style=\"text-align:left\"><div class=\"uvc-heading-spacer no_spacer\" style=\"top\"><\/div><div class=\"uvc-main-heading ult-responsive\"  data-ultimate-target='.uvc-heading.ultimate-heading-667269fb472b861a8 h2'  data-responsive-json-new='{\"font-size\":\"desktop:90px;mobile_landscape:60px;\",\"line-height\":\"desktop:100px;mobile_landscape:70px;\"}' ><h2 style=\"font-weight:bold;color:rgba(59,63,74,0.12);margin-bottom:-45px;\">*COSA FACCIAMO<\/h2><\/div><\/div><div id=\"ultimate-heading-76269fb472b861ef\" class=\"uvc-heading ult-adjust-bottom-margin ultimate-heading-76269fb472b861ef uvc-2436 \" data-hspacer=\"no_spacer\"  data-halign=\"left\" style=\"text-align:left\"><div class=\"uvc-heading-spacer no_spacer\" style=\"top\"><\/div><div class=\"uvc-main-heading ult-responsive\"  data-ultimate-target='.uvc-heading.ultimate-heading-76269fb472b861ef h2'  data-responsive-json-new='{\"font-size\":\"desktop:38px;mobile_landscape:30px;\",\"line-height\":\"desktop:48px;mobile_landscape:40px;\"}' ><h2 style=\"font-weight:bold;margin-bottom:50px;\">Attivit\u00e0<\/h2><\/div><\/div><div id=\"ultimate-heading-476869fb472b86221\" class=\"uvc-heading ult-adjust-bottom-margin ultimate-heading-476869fb472b86221 uvc-1071  uvc-heading-default-font-sizes\" data-hspacer=\"no_spacer\"  data-halign=\"left\" style=\"text-align:left\"><div class=\"uvc-heading-spacer no_spacer\" style=\"top\"><\/div><div class=\"uvc-sub-heading ult-responsive\"  data-ultimate-target='.uvc-heading.ultimate-heading-476869fb472b86221 .uvc-sub-heading '  data-responsive-json-new='{\"font-size\":\"desktop:18px;\",\"line-height\":\"desktop:31px;\"}'  style=\"font-weight:normal;margin-bottom:30px;\"><strong>Il 18 dicembre scorso la nostra Associazione ha compiuto un anno.<\/strong><br \/>\nVogliamo condividere con voi i passi principali di questo anno turbinoso e difficile, che felicemente ha visto anche crescere il numero dei nostri soci dai 18 fondatori a 64 soci: un grande risultato. Tutto quello che stiamo realizzando \u00e8 reso possibile grazie al vostro sostegno. Se oggi siamo a raccontarvi questo \u00e8 grazie alla vostra generosit\u00e0!<br \/>\nMolti erano i progetti che avevamo programmato per far conoscere la speciale realt\u00e0 delle Cure Palliative di Mede, ma la situazione che tutti conosciamo ha rinviato taluni eventi che sono per\u00f2 pronti nel cassetto e vedranno la luce non appena ci saranno le condizioni che ne consentano la fattibilit\u00e0: facciamo riferimento allo spettacolo programmato al Teatro Besostri per marzo e ad un Concerto previsto per l\u2019autunno.<br \/>\nLe molte limitazioni imposte dalla stretta sanitaria ed il fatto che molti dei nostri soci, operatori sul campo, siano stati inviati in prima linea nei reparti Covid di Vigevano e Lomellina (alcuni purtroppo contagiati dal virus), non hanno impedito le dinamiche dell\u2019Unit\u00e0 delle cure palliative, che ha continuato la propria attivit\u00e0 nell\u2019ordinariet\u00e0, pur in presenza di maggiori vincoli, distanze e nuovi requisiti di assistenza.<br \/>\nL\u2019Associazione si \u00e8 prontamente stretta al personale ospedaliero, fornendo i presidi di prima difesa, quali mascherine e visiere, strumenti indispensabili in condizioni di emergenza sanitaria, in momenti di estrema difficolt\u00e0 negli approvvigionamenti istituzionali.<br \/>\nPurtroppo il distanziamento richiesto dall\u2019emergenza Covid ha impedito di trovarci di persona nella prima assemblea in cui abbiamo approvato il Bilancio Consuntivo 2019 e Preventivo 2020. Vedersi e parlarsi di persona \u00e8 pi\u00f9 semplice e diretto, forse anche pi\u00f9 bello. Vogliamo per\u00f2 sottolineare come a tale assemblea, svolta il 29 aprile 2020 tramite la piattaforma Zoom, ci sia stata la partecipazione di TUTTI i soci (presenti o per delega). Veramente un grande risultato!<br \/>\nNel corso dell\u2019assemblea sono stati illustrati gli interventi previsti per il 2020.<br \/>\nDa un punto di vista logistico provvederemo alla sistemazione del locale soggiorno del reparto al fine di creare una zona pi\u00f9 riservata al centro della unit\u00e0 operativa che sar\u00e0 a disposizione dei familiari degli ospiti, del personale medico ed infermieristico, dei volontari.<br \/>\nDa un punto di vista della quotidianit\u00e0 degli operatori sanitari sono stati analiticamente previsti interventi a favore della equipe sanitaria (colloqui con specialisti e supervisori) materiali di consumo per l\u2019igiene della persona per gli ospiti e attrezzature e investimenti in device elettronici (strumentazioni per musica diffusa, un proiettore da abbinare ad un personal computer) per consentire un contatto fra gli ospiti e i familiari, esigenza nuova e oggi molto marcata.<br \/>\nL\u2019aspetto progettuale del nuovo spazio \u00e8 stato sviluppato e concluso, ma per ragioni burocratiche, potr\u00e0 essere realizzato solo nel 2021, mentre gli aspetti di quotidianit\u00e0 sono sostanzialmente gi\u00e0 a regime.<br \/>\nSempre in sede di assemblea \u00e8 stato ufficialmente presentato ai soci il Comitato Scientifico, scelto fra personalit\u00e0 di esperienza e merito, cos\u00ec composto: il presidente \u00e8 il professor Emilio Bombardieri, gli altri membri sono la professoressa Giovanna Ruberto, poi sostituita dal dottor Mario Mariani, il dottor Vittorio Savini, la dottoressa Elisabetta Pionetti e il dottor Livio Carnevale.<br \/>\nIl professor Emilio Bombardieri \u00e8 direttore scientifico della Humanitas Gavazzeni e gi\u00e0 direttore dell\u2019Unit\u00e0 Operativa di Medicina Nucleare dell\u2019Istituto Nazionale Tumori di Milano; il professor Mario Mariani \u00e8 ordinario a tempo pieno presso il Dipartimento di Energia del Politecnico di Milano, il dottor Vittorio Savini \u00e8 medico di base nella nostra comunit\u00e0 di Mede, il dottor Carnevale Livio \u00e8 Direttore del Servizio di Anestesia e Rianimazione dell\u2019Ospedale Civile di Vigevano oltre che Capodipartimento Emergenza Urgenza ASST di Pavia e la dottoressa Elisabetta Pionetti \u00e8 psichiatra Responsabile della Comunit\u00e0 Riabilitativa ad alta assistenza, DSM-ASST Lodi.<br \/>\nNonostante le difficolt\u00e0 logistiche con il Comitato Scientifico e con il personale ospedaliero si \u00e8 instaurata una fruttuosa interlocuzione dalla quale \u00e8 nata una proposta trasversale a tutti noi, al fine di tamponare le difficolt\u00e0 di relazione e di incontro che purtroppo si trascineranno, speriamo per poco, nell\u2019anno a venire. Tale proposta consiste nella creazione di un SITO INTERNET interattivo che consentir\u00e0 una comunicazione pi\u00f9 assidua con i soci, i sostenitori e con tutti coloro che vorranno approfondire la conoscenza sia del reparto cure palliative sia della nostra Associazione. Nostro obiettivo \u00e8 poter mettere a disposizione di tutti una serie di informazioni, materiali e lavori che consentano una ampia divulgazione del nostro progetto.<br \/>\nIl sito sar\u00e0 anche un modo per dare voce e far conoscere i legami e le relazioni che l\u2019Associazione ha instaurato a tutti i livelli: Regione, Provincia, Comuni, Asst e organismi associativi operanti sul territorio quali Caritas, Lions, Rotary, con alcuni dei quali sono allo studio specifiche convenzioni e collaborazioni.<br \/>\nRestiamo a disposizione per qualsiasi chiarimento o richiesta e attendiamo vostre proposte e suggerimenti (il nostro indirizzo e-mail \u00e8: <a href=\"mailto:mgmassociazione@gmail.com\">mgmassociazione@gmail.com<\/a>)<br \/>\n<\/div><\/div>[vc_row_inner equal_height=&#8221;yes&#8221; content_placement=&#8221;middle&#8221; disable_element=&#8221;yes&#8221;][vc_column_inner width=&#8221;7\/12&#8243; offset=&#8221;vc_col-lg-7 vc_col-md-7&#8243; css=&#8221;.vc_custom_1493714771624{padding-bottom: 50px !important;}&#8221;][\/vc_column_inner][vc_column_inner width=&#8221;5\/12&#8243; css=&#8221;.vc_custom_1493714765213{padding-bottom: 50px !important;}&#8221; offset=&#8221;vc_col-lg-offset-0 vc_col-lg-5 vc_col-md-offset-0 vc_col-md-5 vc_col-sm-offset-0 vc_col-xs-offset-2 vc_col-xs-8&#8243;]<style type=\"text\/css\" data-type=\"the7_shortcodes-inline-css\">.shortcode-single-image-wrap.shortcode-single-image-b30836786e5938f43e90002bfb1a165c.enable-bg-rollover .rollover i,\n.shortcode-single-image-wrap.shortcode-single-image-b30836786e5938f43e90002bfb1a165c.enable-bg-rollover .rollover-video i {\n  background: -webkit-linear-gradient();\n  background: linear-gradient();\n}\n.shortcode-single-image-wrap.shortcode-single-image-b30836786e5938f43e90002bfb1a165c .rollover-icon {\n  font-size: 32px;\n  color: #ffffff;\n  min-width: 44px;\n  min-height: 44px;\n  line-height: 44px;\n  border-radius: 100px;\n  border-style: solid;\n  border-width: 0px;\n}\n.dt-icon-bg-on.shortcode-single-image-wrap.shortcode-single-image-b30836786e5938f43e90002bfb1a165c .rollover-icon {\n  background: rgba(255,255,255,0.3);\n  box-shadow: none;\n}\n<\/style><div class=\"shortcode-single-image-wrap shortcode-single-image-b30836786e5938f43e90002bfb1a165c alignnone  enable-bg-rollover dt-icon-bg-off\" style=\"margin-top:0px; margin-bottom:0px; margin-left:0px; margin-right:0px; width:800px;\"><div class=\"shortcode-single-image\"><div class=\"fancy-media-wrap  layzr-bg\" style=\"border-radius:800px;\"><img fetchpriority=\"high\" decoding=\"async\" class=\"preload-me lazy-load aspect\" src=\"data:image\/svg+xml,%3Csvg%20xmlns%3D&#39;http%3A%2F%2Fwww.w3.org%2F2000%2Fsvg&#39;%20viewBox%3D&#39;0%200%20800%20800&#39;%2F%3E\" data-src=\"https:\/\/www.amicicurepalliativemgm.it\/wp-content\/uploads\/2021\/01\/20200922_101219-1-800x800.jpg\" data-srcset=\"https:\/\/www.amicicurepalliativemgm.it\/wp-content\/uploads\/2021\/01\/20200922_101219-1-800x800.jpg 800w, https:\/\/www.amicicurepalliativemgm.it\/wp-content\/uploads\/2021\/01\/20200922_101219-1-1600x1600.jpg 1600w\" loading=\"eager\" sizes=\"(max-width: 800px) 100vw, 800px\" width=\"800\" height=\"800\"  data-dt-location=\"https:\/\/www.amicicurepalliativemgm.it\/index.php\/mission-dellhospice-di-mede\/20200922_101219-1\/\" style=\"--ratio: 800 \/ 800;border-radius:800px;\" alt=\"\" \/><\/div><\/div><\/div>[\/vc_column_inner][\/vc_row_inner][\/vc_column][\/vc_row]<\/p>\n<\/section>","protected":false},"excerpt":{"rendered":"<p>[vc_row bg_type=&#8221;bg_color&#8221; bg_override=&#8221;ex-full&#8221; type=&#8221;vc_default&#8221; css=&#8221;.vc_custom_1611567525821{padding-bottom: 50px !important;}&#8221; bg_color_value=&#8221;#ffffff&#8221;][vc_column offset=&#8221;vc_col-lg-offset-0 vc_col-lg-12 vc_col-md-offset-0 vc_col-md-12 vc_col-sm-offset-0&#8243;][vc_row_inner equal_height=&#8221;yes&#8221; content_placement=&#8221;middle&#8221; disable_element=&#8221;yes&#8221;][vc_column_inner width=&#8221;7\/12&#8243; offset=&#8221;vc_col-lg-7 vc_col-md-7&#8243; css=&#8221;.vc_custom_1493714771624{padding-bottom: 50px !important;}&#8221;][\/vc_column_inner][vc_column_inner width=&#8221;5\/12&#8243; css=&#8221;.vc_custom_1493714765213{padding-bottom: 50px !important;}&#8221; offset=&#8221;vc_col-lg-offset-0 vc_col-lg-5 vc_col-md-offset-0 vc_col-md-5 vc_col-sm-offset-0 vc_col-xs-offset-2 vc_col-xs-8&#8243;][\/vc_column_inner][\/vc_row_inner][\/vc_column][\/vc_row]<\/p>\n","protected":false},"author":1,"featured_media":0,"parent":0,"menu_order":0,"comment_status":"closed","ping_status":"closed","template":"","meta":{"om_disable_all_campaigns":false,"_monsterinsights_skip_tracking":false,"_monsterinsights_sitenote_active":false,"_monsterinsights_sitenote_note":"","_monsterinsights_sitenote_category":0,"_uf_show_specific_survey":0,"_uf_disable_surveys":false,"footnotes":""},"class_list":["post-781","page","type-page","status-publish","hentry","description-off"],"yoast_head":"<!-- This site is optimized with the Yoast SEO plugin v25.6 - https:\/\/yoast.com\/wordpress\/plugins\/seo\/ -->\n<title>Attivit\u00e0 - amicicurepalliativemgm.it<\/title>\n<meta name=\"description\" content=\"Il 18 dicembre scorso la nostra Associazione ha compiuto un anno, che felicemente ha visto anche crescere il numero dei nostri soci dai 18 fondatori a 64 soci: un grande risultato.\" \/>\n<meta name=\"robots\" content=\"index, follow, max-snippet:-1, max-image-preview:large, max-video-preview:-1\" \/>\n<link rel=\"canonical\" href=\"https:\/\/www.amicicurepalliativemgm.it\/index.php\/cosa-facciamo\/\" \/>\n<meta property=\"og:locale\" content=\"it_IT\" \/>\n<meta property=\"og:type\" content=\"article\" \/>\n<meta property=\"og:title\" content=\"Attivit\u00e0 - amicicurepalliativemgm.it\" \/>\n<meta property=\"og:description\" content=\"Il 18 dicembre scorso la nostra Associazione ha compiuto un anno, che felicemente ha visto anche crescere il numero dei nostri soci dai 18 fondatori a 64 soci: un grande risultato.\" \/>\n<meta property=\"og:url\" content=\"https:\/\/www.amicicurepalliativemgm.it\/index.php\/cosa-facciamo\/\" \/>\n<meta property=\"og:site_name\" content=\"amicicurepalliativemgm.it\" \/>\n<meta property=\"article:modified_time\" content=\"2021-03-04T13:41:51+00:00\" \/>\n<meta name=\"twitter:card\" content=\"summary_large_image\" \/>\n<meta name=\"twitter:label1\" content=\"Tempo di lettura stimato\" \/>\n\t<meta name=\"twitter:data1\" content=\"5 minuti\" \/>\n<script type=\"application\/ld+json\" class=\"yoast-schema-graph\">{\"@context\":\"https:\/\/schema.org\",\"@graph\":[{\"@type\":\"WebPage\",\"@id\":\"https:\/\/www.amicicurepalliativemgm.it\/index.php\/cosa-facciamo\/\",\"url\":\"https:\/\/www.amicicurepalliativemgm.it\/index.php\/cosa-facciamo\/\",\"name\":\"Attivit\u00e0 - amicicurepalliativemgm.it\",\"isPartOf\":{\"@id\":\"https:\/\/www.amicicurepalliativemgm.it\/#website\"},\"datePublished\":\"2021-01-25T09:37:10+00:00\",\"dateModified\":\"2021-03-04T13:41:51+00:00\",\"description\":\"Il 18 dicembre scorso la nostra Associazione ha compiuto un anno, che felicemente ha visto anche crescere il numero dei nostri soci dai 18 fondatori a 64 soci: un grande risultato.\",\"breadcrumb\":{\"@id\":\"https:\/\/www.amicicurepalliativemgm.it\/index.php\/cosa-facciamo\/#breadcrumb\"},\"inLanguage\":\"it-IT\",\"potentialAction\":[{\"@type\":\"ReadAction\",\"target\":[\"https:\/\/www.amicicurepalliativemgm.it\/index.php\/cosa-facciamo\/\"]}]},{\"@type\":\"BreadcrumbList\",\"@id\":\"https:\/\/www.amicicurepalliativemgm.it\/index.php\/cosa-facciamo\/#breadcrumb\",\"itemListElement\":[{\"@type\":\"ListItem\",\"position\":1,\"name\":\"Home\",\"item\":\"https:\/\/www.amicicurepalliativemgm.it\/\"},{\"@type\":\"ListItem\",\"position\":2,\"name\":\"Attivit\u00e0\"}]},{\"@type\":\"WebSite\",\"@id\":\"https:\/\/www.amicicurepalliativemgm.it\/#website\",\"url\":\"https:\/\/www.amicicurepalliativemgm.it\/\",\"name\":\"amicicurepalliativemgm.it\",\"description\":\"Amici delle cure palliative\",\"potentialAction\":[{\"@type\":\"SearchAction\",\"target\":{\"@type\":\"EntryPoint\",\"urlTemplate\":\"https:\/\/www.amicicurepalliativemgm.it\/?s={search_term_string}\"},\"query-input\":{\"@type\":\"PropertyValueSpecification\",\"valueRequired\":true,\"valueName\":\"search_term_string\"}}],\"inLanguage\":\"it-IT\"}]}<\/script>\n<!-- \/ Yoast SEO plugin. -->","yoast_head_json":{"title":"Attivit\u00e0 - amicicurepalliativemgm.it","description":"Il 18 dicembre scorso la nostra Associazione ha compiuto un anno, che felicemente ha visto anche crescere il numero dei nostri soci dai 18 fondatori a 64 soci: un grande risultato.","robots":{"index":"index","follow":"follow","max-snippet":"max-snippet:-1","max-image-preview":"max-image-preview:large","max-video-preview":"max-video-preview:-1"},"canonical":"https:\/\/www.amicicurepalliativemgm.it\/index.php\/cosa-facciamo\/","og_locale":"it_IT","og_type":"article","og_title":"Attivit\u00e0 - amicicurepalliativemgm.it","og_description":"Il 18 dicembre scorso la nostra Associazione ha compiuto un anno, che felicemente ha visto anche crescere il numero dei nostri soci dai 18 fondatori a 64 soci: un grande risultato.","og_url":"https:\/\/www.amicicurepalliativemgm.it\/index.php\/cosa-facciamo\/","og_site_name":"amicicurepalliativemgm.it","article_modified_time":"2021-03-04T13:41:51+00:00","twitter_card":"summary_large_image","twitter_misc":{"Tempo di lettura stimato":"5 minuti"},"schema":{"@context":"https:\/\/schema.org","@graph":[{"@type":"WebPage","@id":"https:\/\/www.amicicurepalliativemgm.it\/index.php\/cosa-facciamo\/","url":"https:\/\/www.amicicurepalliativemgm.it\/index.php\/cosa-facciamo\/","name":"Attivit\u00e0 - amicicurepalliativemgm.it","isPartOf":{"@id":"https:\/\/www.amicicurepalliativemgm.it\/#website"},"datePublished":"2021-01-25T09:37:10+00:00","dateModified":"2021-03-04T13:41:51+00:00","description":"Il 18 dicembre scorso la nostra Associazione ha compiuto un anno, che felicemente ha visto anche crescere il numero dei nostri soci dai 18 fondatori a 64 soci: un grande risultato.","breadcrumb":{"@id":"https:\/\/www.amicicurepalliativemgm.it\/index.php\/cosa-facciamo\/#breadcrumb"},"inLanguage":"it-IT","potentialAction":[{"@type":"ReadAction","target":["https:\/\/www.amicicurepalliativemgm.it\/index.php\/cosa-facciamo\/"]}]},{"@type":"BreadcrumbList","@id":"https:\/\/www.amicicurepalliativemgm.it\/index.php\/cosa-facciamo\/#breadcrumb","itemListElement":[{"@type":"ListItem","position":1,"name":"Home","item":"https:\/\/www.amicicurepalliativemgm.it\/"},{"@type":"ListItem","position":2,"name":"Attivit\u00e0"}]},{"@type":"WebSite","@id":"https:\/\/www.amicicurepalliativemgm.it\/#website","url":"https:\/\/www.amicicurepalliativemgm.it\/","name":"amicicurepalliativemgm.it","description":"Amici delle cure palliative","potentialAction":[{"@type":"SearchAction","target":{"@type":"EntryPoint","urlTemplate":"https:\/\/www.amicicurepalliativemgm.it\/?s={search_term_string}"},"query-input":{"@type":"PropertyValueSpecification","valueRequired":true,"valueName":"search_term_string"}}],"inLanguage":"it-IT"}]}},"_links":{"self":[{"href":"https:\/\/www.amicicurepalliativemgm.it\/index.php\/wp-json\/wp\/v2\/pages\/781","targetHints":{"allow":["GET"]}}],"collection":[{"href":"https:\/\/www.amicicurepalliativemgm.it\/index.php\/wp-json\/wp\/v2\/pages"}],"about":[{"href":"https:\/\/www.amicicurepalliativemgm.it\/index.php\/wp-json\/wp\/v2\/types\/page"}],"author":[{"embeddable":true,"href":"https:\/\/www.amicicurepalliativemgm.it\/index.php\/wp-json\/wp\/v2\/users\/1"}],"replies":[{"embeddable":true,"href":"https:\/\/www.amicicurepalliativemgm.it\/index.php\/wp-json\/wp\/v2\/comments?post=781"}],"version-history":[{"count":4,"href":"https:\/\/www.amicicurepalliativemgm.it\/index.php\/wp-json\/wp\/v2\/pages\/781\/revisions"}],"predecessor-version":[{"id":964,"href":"https:\/\/www.amicicurepalliativemgm.it\/index.php\/wp-json\/wp\/v2\/pages\/781\/revisions\/964"}],"wp:attachment":[{"href":"https:\/\/www.amicicurepalliativemgm.it\/index.php\/wp-json\/wp\/v2\/media?parent=781"}],"curies":[{"name":"wp","href":"https:\/\/api.w.org\/{rel}","templated":true}]}}