{"id":971,"date":"2021-03-16T11:59:00","date_gmt":"2021-03-16T10:59:00","guid":{"rendered":"https:\/\/www.amicicurepalliativemgm.it\/?page_id=971"},"modified":"2021-03-16T12:09:13","modified_gmt":"2021-03-16T11:09:13","slug":"sottovoce","status":"publish","type":"page","link":"https:\/\/www.amicicurepalliativemgm.it\/index.php\/sottovoce\/","title":{"rendered":"Sottovoce"},"content":{"rendered":"<section class=\"wpb-content-wrapper\"><p>[vc_row bg_type=&#8221;bg_color&#8221; bg_override=&#8221;ex-full&#8221; type=&#8221;vc_default&#8221; css=&#8221;.vc_custom_1493725940488{padding-bottom: 50px !important;}&#8221; bg_color_value=&#8221;#ffffff&#8221; el_id=&#8221;about&#8221;][vc_column offset=&#8221;vc_col-lg-offset-0 vc_col-lg-12 vc_col-md-offset-0 vc_col-md-12 vc_col-sm-offset-0&#8243;]<div id=\"ultimate-heading-104769fb471d9e9bc\" class=\"uvc-heading ult-adjust-bottom-margin ultimate-heading-104769fb471d9e9bc uvc-1038 \" data-hspacer=\"no_spacer\"  data-halign=\"left\" style=\"text-align:left\"><div class=\"uvc-heading-spacer no_spacer\" style=\"top\"><\/div><div class=\"uvc-main-heading ult-responsive\"  data-ultimate-target='.uvc-heading.ultimate-heading-104769fb471d9e9bc h2'  data-responsive-json-new='{\"font-size\":\"desktop:38px;mobile_landscape:30px;\",\"line-height\":\"desktop:48px;mobile_landscape:40px;\"}' ><h2 style=\"font-weight:bold;margin-bottom:30px;\">Sottovoce<\/h2><\/div><\/div><div id=\"ultimate-heading-342869fb471d9ea0b\" class=\"uvc-heading ult-adjust-bottom-margin ultimate-heading-342869fb471d9ea0b uvc-9304  uvc-heading-default-font-sizes\" data-hspacer=\"no_spacer\"  data-halign=\"left\" style=\"text-align:left\"><div class=\"uvc-heading-spacer no_spacer\" style=\"top\"><\/div><div class=\"uvc-sub-heading ult-responsive\"  data-ultimate-target='.uvc-heading.ultimate-heading-342869fb471d9ea0b .uvc-sub-heading '  data-responsive-json-new='{\"font-size\":\"desktop:18px;\",\"line-height\":\"desktop:31px;\"}'  style=\"font-weight:normal;margin-bottom:30px;\"><\/p>\n<p style=\"text-align: justify;\">Siamo in piena pandemia e, nonostante le zone rosse o arancioni, a differenza dello scorso anno, si assiste a chiasso, rumorosit\u00e0, esibizionismo, chiacchera. E queste caratteristiche le ritroviamo anche nell&#8217;attuale momento politico.<\/p>\n<p style=\"text-align: justify;\">Eppure avremmo dovuto imparare toni diversi, toni smorzati, toni quasi silenziosi. Toni che non dovrebbero caratterizzare solamente il nostro linguaggio, ma dovrebbero essere soprattutto uno stile di vita.<\/p>\n<p style=\"text-align: justify;\">Ricordo che alcuni anni fa una trasmissione televisiva che aveva un titolo che mi richiama questo stile: si chiamava \u201cSottovoce\u201d. Sottovoce mi rimanda appunto alla discrezione, con totale rispetto, con delicato riserbo, quasi in fraternit\u00e0, che pu\u00f2 diventare amicizia, perch\u00e9 il tutto \u00e8 detto e vissuto \u201csottovoce\u201d.<\/p>\n<p style=\"text-align: justify;\">Un esempio lo abbiamo anche nel nostro Presidente della Repubblica e, mi pare in alcuni, anche se pochi, uomini politici o rappresentanti delle Istituzioni, come il Presidente del Consiglio dei Ministri.<\/p>\n<p style=\"text-align: justify;\">\u201cSottovoce\u201d \u00e8 fare tutto con senso di modestia, pur offrendo una presenza qualificata, agile, fresca, al livello della richiesta o della domanda, silenziosa o espressa.<\/p>\n<p style=\"text-align: justify;\">Per questo lo ritengo un atteggiamento primario, soprattutto oggi, quando sembra aver ragione chi grida pi\u00f9 forte, chi scivola in atteggiamenti e decisioni egoistiche, di comodo, chi \u00e8 capace di defilarsi facilmente dagli impegni. In questa realt\u00e0, sempre pi\u00f9 aggressiva ed indifferente, \u00e8 tempo di una presenza effettiva ed efficace, ma saggia e discreta.<\/p>\n<p style=\"text-align: justify;\">Sottovoce, silenziosamente e celermente (il che non significa affrettatamente).<\/p>\n<p style=\"text-align: right;\"><em>md<\/em><\/p>\n<p><\/div><\/div>[\/vc_column][\/vc_row]<\/p>\n<\/section>","protected":false},"excerpt":{"rendered":"<p>[vc_row bg_type=&#8221;bg_color&#8221; bg_override=&#8221;ex-full&#8221; type=&#8221;vc_default&#8221; css=&#8221;.vc_custom_1493725940488{padding-bottom: 50px !important;}&#8221; bg_color_value=&#8221;#ffffff&#8221; el_id=&#8221;about&#8221;][vc_column offset=&#8221;vc_col-lg-offset-0 vc_col-lg-12 vc_col-md-offset-0 vc_col-md-12 vc_col-sm-offset-0&#8243;][\/vc_column][\/vc_row]<\/p>\n","protected":false},"author":1,"featured_media":0,"parent":0,"menu_order":0,"comment_status":"closed","ping_status":"closed","template":"","meta":{"om_disable_all_campaigns":false,"_monsterinsights_skip_tracking":false,"_monsterinsights_sitenote_active":false,"_monsterinsights_sitenote_note":"","_monsterinsights_sitenote_category":0,"_uf_show_specific_survey":0,"_uf_disable_surveys":false,"footnotes":""},"class_list":["post-971","page","type-page","status-publish","hentry","description-off"],"yoast_head":"<!-- This site is optimized with the Yoast SEO plugin v25.6 - https:\/\/yoast.com\/wordpress\/plugins\/seo\/ -->\n<title>Sottovoce - amicicurepalliativemgm.it<\/title>\n<meta name=\"description\" content=\"Sottovoce \u00e8 fare tutto con senso di modestia, pur offrendo una presenza qualificata, agile, fresca, al livello della richiesta o della domanda, silenziosa o espressa.\" \/>\n<meta name=\"robots\" content=\"index, follow, max-snippet:-1, max-image-preview:large, max-video-preview:-1\" \/>\n<link rel=\"canonical\" href=\"https:\/\/www.amicicurepalliativemgm.it\/index.php\/sottovoce\/\" \/>\n<meta property=\"og:locale\" content=\"it_IT\" \/>\n<meta property=\"og:type\" content=\"article\" \/>\n<meta property=\"og:title\" content=\"Sottovoce - amicicurepalliativemgm.it\" \/>\n<meta property=\"og:description\" content=\"Sottovoce \u00e8 fare tutto con senso di modestia, pur offrendo una presenza qualificata, agile, fresca, al livello della richiesta o della domanda, silenziosa o espressa.\" \/>\n<meta property=\"og:url\" content=\"https:\/\/www.amicicurepalliativemgm.it\/index.php\/sottovoce\/\" \/>\n<meta property=\"og:site_name\" content=\"amicicurepalliativemgm.it\" \/>\n<meta property=\"article:modified_time\" content=\"2021-03-16T11:09:13+00:00\" \/>\n<meta name=\"twitter:card\" content=\"summary_large_image\" \/>\n<meta name=\"twitter:label1\" content=\"Tempo di lettura stimato\" \/>\n\t<meta name=\"twitter:data1\" content=\"2 minuti\" \/>\n<script type=\"application\/ld+json\" class=\"yoast-schema-graph\">{\"@context\":\"https:\/\/schema.org\",\"@graph\":[{\"@type\":\"WebPage\",\"@id\":\"https:\/\/www.amicicurepalliativemgm.it\/index.php\/sottovoce\/\",\"url\":\"https:\/\/www.amicicurepalliativemgm.it\/index.php\/sottovoce\/\",\"name\":\"Sottovoce - amicicurepalliativemgm.it\",\"isPartOf\":{\"@id\":\"https:\/\/www.amicicurepalliativemgm.it\/#website\"},\"datePublished\":\"2021-03-16T10:59:00+00:00\",\"dateModified\":\"2021-03-16T11:09:13+00:00\",\"description\":\"Sottovoce \u00e8 fare tutto con senso di modestia, pur offrendo una presenza qualificata, agile, fresca, al livello della richiesta o della domanda, silenziosa o espressa.\",\"breadcrumb\":{\"@id\":\"https:\/\/www.amicicurepalliativemgm.it\/index.php\/sottovoce\/#breadcrumb\"},\"inLanguage\":\"it-IT\",\"potentialAction\":[{\"@type\":\"ReadAction\",\"target\":[\"https:\/\/www.amicicurepalliativemgm.it\/index.php\/sottovoce\/\"]}]},{\"@type\":\"BreadcrumbList\",\"@id\":\"https:\/\/www.amicicurepalliativemgm.it\/index.php\/sottovoce\/#breadcrumb\",\"itemListElement\":[{\"@type\":\"ListItem\",\"position\":1,\"name\":\"Home\",\"item\":\"https:\/\/www.amicicurepalliativemgm.it\/\"},{\"@type\":\"ListItem\",\"position\":2,\"name\":\"Sottovoce\"}]},{\"@type\":\"WebSite\",\"@id\":\"https:\/\/www.amicicurepalliativemgm.it\/#website\",\"url\":\"https:\/\/www.amicicurepalliativemgm.it\/\",\"name\":\"amicicurepalliativemgm.it\",\"description\":\"Amici delle cure palliative\",\"potentialAction\":[{\"@type\":\"SearchAction\",\"target\":{\"@type\":\"EntryPoint\",\"urlTemplate\":\"https:\/\/www.amicicurepalliativemgm.it\/?s={search_term_string}\"},\"query-input\":{\"@type\":\"PropertyValueSpecification\",\"valueRequired\":true,\"valueName\":\"search_term_string\"}}],\"inLanguage\":\"it-IT\"}]}<\/script>\n<!-- \/ Yoast SEO plugin. -->","yoast_head_json":{"title":"Sottovoce - amicicurepalliativemgm.it","description":"Sottovoce \u00e8 fare tutto con senso di modestia, pur offrendo una presenza qualificata, agile, fresca, al livello della richiesta o della domanda, silenziosa o espressa.","robots":{"index":"index","follow":"follow","max-snippet":"max-snippet:-1","max-image-preview":"max-image-preview:large","max-video-preview":"max-video-preview:-1"},"canonical":"https:\/\/www.amicicurepalliativemgm.it\/index.php\/sottovoce\/","og_locale":"it_IT","og_type":"article","og_title":"Sottovoce - amicicurepalliativemgm.it","og_description":"Sottovoce \u00e8 fare tutto con senso di modestia, pur offrendo una presenza qualificata, agile, fresca, al livello della richiesta o della domanda, silenziosa o espressa.","og_url":"https:\/\/www.amicicurepalliativemgm.it\/index.php\/sottovoce\/","og_site_name":"amicicurepalliativemgm.it","article_modified_time":"2021-03-16T11:09:13+00:00","twitter_card":"summary_large_image","twitter_misc":{"Tempo di lettura stimato":"2 minuti"},"schema":{"@context":"https:\/\/schema.org","@graph":[{"@type":"WebPage","@id":"https:\/\/www.amicicurepalliativemgm.it\/index.php\/sottovoce\/","url":"https:\/\/www.amicicurepalliativemgm.it\/index.php\/sottovoce\/","name":"Sottovoce - amicicurepalliativemgm.it","isPartOf":{"@id":"https:\/\/www.amicicurepalliativemgm.it\/#website"},"datePublished":"2021-03-16T10:59:00+00:00","dateModified":"2021-03-16T11:09:13+00:00","description":"Sottovoce \u00e8 fare tutto con senso di modestia, pur offrendo una presenza qualificata, agile, fresca, al livello della richiesta o della domanda, silenziosa o espressa.","breadcrumb":{"@id":"https:\/\/www.amicicurepalliativemgm.it\/index.php\/sottovoce\/#breadcrumb"},"inLanguage":"it-IT","potentialAction":[{"@type":"ReadAction","target":["https:\/\/www.amicicurepalliativemgm.it\/index.php\/sottovoce\/"]}]},{"@type":"BreadcrumbList","@id":"https:\/\/www.amicicurepalliativemgm.it\/index.php\/sottovoce\/#breadcrumb","itemListElement":[{"@type":"ListItem","position":1,"name":"Home","item":"https:\/\/www.amicicurepalliativemgm.it\/"},{"@type":"ListItem","position":2,"name":"Sottovoce"}]},{"@type":"WebSite","@id":"https:\/\/www.amicicurepalliativemgm.it\/#website","url":"https:\/\/www.amicicurepalliativemgm.it\/","name":"amicicurepalliativemgm.it","description":"Amici delle cure palliative","potentialAction":[{"@type":"SearchAction","target":{"@type":"EntryPoint","urlTemplate":"https:\/\/www.amicicurepalliativemgm.it\/?s={search_term_string}"},"query-input":{"@type":"PropertyValueSpecification","valueRequired":true,"valueName":"search_term_string"}}],"inLanguage":"it-IT"}]}},"_links":{"self":[{"href":"https:\/\/www.amicicurepalliativemgm.it\/index.php\/wp-json\/wp\/v2\/pages\/971","targetHints":{"allow":["GET"]}}],"collection":[{"href":"https:\/\/www.amicicurepalliativemgm.it\/index.php\/wp-json\/wp\/v2\/pages"}],"about":[{"href":"https:\/\/www.amicicurepalliativemgm.it\/index.php\/wp-json\/wp\/v2\/types\/page"}],"author":[{"embeddable":true,"href":"https:\/\/www.amicicurepalliativemgm.it\/index.php\/wp-json\/wp\/v2\/users\/1"}],"replies":[{"embeddable":true,"href":"https:\/\/www.amicicurepalliativemgm.it\/index.php\/wp-json\/wp\/v2\/comments?post=971"}],"version-history":[{"count":4,"href":"https:\/\/www.amicicurepalliativemgm.it\/index.php\/wp-json\/wp\/v2\/pages\/971\/revisions"}],"predecessor-version":[{"id":973,"href":"https:\/\/www.amicicurepalliativemgm.it\/index.php\/wp-json\/wp\/v2\/pages\/971\/revisions\/973"}],"wp:attachment":[{"href":"https:\/\/www.amicicurepalliativemgm.it\/index.php\/wp-json\/wp\/v2\/media?parent=971"}],"curies":[{"name":"wp","href":"https:\/\/api.w.org\/{rel}","templated":true}]}}